{"id":13411,"date":"2023-01-01T21:14:16","date_gmt":"2023-01-01T19:14:16","guid":{"rendered":"https:\/\/urbanfit.es\/?page_id=13411"},"modified":"2023-03-16T19:47:26","modified_gmt":"2023-03-16T17:47:26","slug":"13411-2","status":"publish","type":"page","link":"https:\/\/urbanfit.es\/es\/13411-2\/","title":{"rendered":"FAQs"},"content":{"rendered":"<section class=\"wpb-content-wrapper\"><section data-vc-full-width=\"true\" data-vc-full-width-init=\"false\" class=\"vc_section vc_section_visible pix-intro-1 vc_custom_1678734874837 vc_section-has-fill\" data-section-name=\"\"><div class=\"fullpage-container\"><div class=\"pix-intro-img jarallax\" data-jarallax data-speed=\"0.8\"><img decoding=\"async\" loading=\"lazy\" class=\"jarallax-img pix-opacity-7\"  src=\"https:\/\/urbanfit.es\/wp-content\/uploads\/2023\/01\/pexels-victor-freitas-897061-scaled.jpg\" alt=\"\" \/><\/div><\/div><div class=\"pix-divider pix-bottom-divider\" data-style=\"style-24\" style=\"bottom:-1px;\"><svg xmlns=\"http:\/\/www.w3.org\/2000\/svg\" width=\"100%\" height=\"300\" viewbox=\"0 0 300 130\" preserveaspectratio=\"none\"><g fill=\"rgba(255,255,255,0.3)\"  ><polygon points=\"205.6875 18.8837729 300 3.92225477e-14 300 49.83 205.6875 68.67\"><\/polygon><path d=\"M43.5002561,84.4287699 L43.5002561,67.6974063 L0,76.0518732 L0,93.1053435 L43.5002561,84.4287699 Z M43.1248125,68.1469741 L43.1248125,84.5056196 L0,93.1036023 L0,76.426513 L43.1248125,68.1469741 Z\"><\/path><\/g><g fill=\"#ffffff\"  ><polygon points=\"0 109.769452 300 49.8270893 300 130 0 130\"><\/polygon><\/g><g fill=\"rgba(255,255,255,0.6)\" transform=\"translate(0.0, 49.83)\"><polygon points=\"87.319394 25.82088 87.375 42.5187032 71.812 45.62088 71.8127561 62.3221129 0 77.0678507 0 76.6446398 71.4373125 62.0149568 71.437 45.69588 0 59.9394524 0 43.2679827\"><\/polygon><polygon points=\"256.3125 8.72 300 2.1931479e-17 300 16.5748991 256.3125 25.2852738\"><\/polygon><\/g><defs><\/defs><\/svg><\/div><div class=\"vc_row wpb_row vc_row-fluid vc_row_visible\"><div class=\"wpb_column vc_column_container vc_col-sm-12 text-left\"><div class=\"vc_column-inner\"><div class=\"wpb_wrapper\"><div  class=\"pix-heading-el text-center\"><div><div class=\"slide-in-container\"><h1 class=\"text-black font-weight-bold heading-text el-title_custom_color mb-12\" style=\"\" data-anim-type=\"\" data-anim-delay=\"0\">FAQs<\/h1><\/div><\/div><\/div><\/div><\/div><\/div><\/div><\/section><div class=\"vc_row-full-width vc_clearfix\"><\/div><section class=\"vc_section vc_section_visible\" data-section-name=\"\"><div class=\"vc_row wpb_row vc_row-fluid vc_row_visible vc_row-o-content-middle vc_row-flex\"><div class=\"wpb_column vc_column_container vc_col-sm-12 text-left\"><div class=\"vc_column-inner\"><div class=\"wpb_wrapper\"><div id=\"el1672600450681-58f22c79-5301\" class=\"mb-3 text-center  vc_custom_1678729154563\"><div class=\"d-inline-block\" style=\"max-width:1000px;\"><h2 class=\"mb-32 pix-sliding-headline-2 animate-in font-weight-bold secondary-font\" data-anim-type=\"pix-sliding-text\" pix-anim-delay=\"500\" data-class=\"secondary-font text-gradient-primary\" style=\"\"><span class=\"slide-in-container\"><span class=\"pix-sliding-item secondary-font text-gradient-primary\" style=\"transition-delay: 0ms;\">\u00bfTienes<\/span><\/span> <span class=\"slide-in-container\"><span class=\"pix-sliding-item secondary-font text-gradient-primary\" style=\"transition-delay: 150ms;\">preguntas?\nMira<\/span><\/span> <span class=\"slide-in-container\"><span class=\"pix-sliding-item secondary-font text-gradient-primary\" style=\"transition-delay: 300ms;\">estas<\/span><\/span> <span class=\"slide-in-container\"><span class=\"pix-sliding-item secondary-font text-gradient-primary\" style=\"transition-delay: 450ms;\">respuestas<\/span><\/span> <\/h2><\/div><\/div><div class=\"accordion w-100 accordion-card bg-white2 rounded-lg2\" id=\"accordion-1590709472675-f4008e87-9d5b\"><div class=\"card\">\n           <div class=\"card-header bg-white pix-mb-10 shadow-sm rounded-lg\" id=\"heading1678728057513-696135bc-8667\">\n               <button class=\"btn btn-link text-left rounded-lg bg-transparent\" type=\"button\" data-toggle=\"collapse\" data-target=\"#collapse1678728057513-696135bc-8667\" aria-expanded=\"true\" aria-controls=\"collapse1678728057513-696135bc-8667\" ><span class=\"d-inline-block text-gradient-primary svg-20 pix-mr-10\"><svg width=\"100%\" height=\"100%\" viewbox=\"0 0 24 24\" version=\"1.1\" xmlns=\"http:\/\/www.w3.org\/2000\/svg\" xmlns:xlink=\"http:\/\/www.w3.org\/1999\/xlink\"> <defs><\/defs> <g stroke=\"none\" stroke-width=\"1\" fill=\"none\" fill-rule=\"evenodd\"> <polygon id=\"Path-75\" fill=\"#000000\" opacity=\"0.3\" points=\"5 15 3 21.5 9.5 19.5\"><\/polygon> <path d=\"M13.5,21 C8.25329488,21 4,16.7467051 4,11.5 C4,6.25329488 8.25329488,2 13.5,2 C18.7467051,2 23,6.25329488 23,11.5 C23,16.7467051 18.7467051,21 13.5,21 Z M8.5,13 C9.32842712,13 10,12.3284271 10,11.5 C10,10.6715729 9.32842712,10 8.5,10 C7.67157288,10 7,10.6715729 7,11.5 C7,12.3284271 7.67157288,13 8.5,13 Z M13.5,13 C14.3284271,13 15,12.3284271 15,11.5 C15,10.6715729 14.3284271,10 13.5,10 C12.6715729,10 12,10.6715729 12,11.5 C12,12.3284271 12.6715729,13 13.5,13 Z M18.5,13 C19.3284271,13 20,12.3284271 20,11.5 C20,10.6715729 19.3284271,10 18.5,10 C17.6715729,10 17,10.6715729 17,11.5 C17,12.3284271 17.6715729,13 18.5,13 Z\" fill=\"#000000\"><\/path> <\/g> <\/svg><\/span><span class=\"font-weight-bold secondary-font text-heading-default\" >\u00bfExiste servicio de entrenamiento personal? \u00bfY de dietas?<\/span><\/button>\n           <\/div>\n           <div id=\"collapse1678728057513-696135bc-8667\" class=\"collapse\" aria-labelledby=\"heading1678728057513-696135bc-8667\">\n             <div class=\"card-body\">\n                 <div class=\"pix-el-text w-100\" ><div class=\"d-inline-block\" style=\"max-width:600px;\"><p class=\"text-body-default\" ><span class=\"text-body-default animate-in d-inline-block\" data-anim-delay=\"1000\" data-anim-type=\"fade-in-up\">S\u00ed, disponemos de los dos servicios. Para m\u00e1s informaci\u00f3n env\u00edanos un mensaje a Instagram @gimnasurbanfit o un correo a info@urbanfit.es<\/span><\/p><\/div><\/div>\n             <\/div>\n           <\/div>\n         <\/div><div class=\"card\">\n           <div class=\"card-header bg-white pix-mb-10 shadow-sm rounded-lg\" id=\"heading1590709472686-eb19bb6a-ed3f\">\n               <button class=\"btn btn-link text-left rounded-lg bg-transparent\" type=\"button\" data-toggle=\"collapse\" data-target=\"#collapse1590709472686-eb19bb6a-ed3f\" aria-expanded=\"true\" aria-controls=\"collapse1590709472686-eb19bb6a-ed3f\" ><span class=\"d-inline-block text-gradient-primary svg-20 pix-mr-10\"><svg width=\"100%\" height=\"100%\" viewbox=\"0 0 24 24\" version=\"1.1\" xmlns=\"http:\/\/www.w3.org\/2000\/svg\" xmlns:xlink=\"http:\/\/www.w3.org\/1999\/xlink\"> <defs><\/defs> <g stroke=\"none\" stroke-width=\"1\" fill=\"none\" fill-rule=\"evenodd\"> <path d=\"M5,2 L19,2 C20.1045695,2 21,2.8954305 21,4 L21,6 C21,7.1045695 20.1045695,8 19,8 L5,8 C3.8954305,8 3,7.1045695 3,6 L3,4 C3,2.8954305 3.8954305,2 5,2 Z M11,4 C10.4477153,4 10,4.44771525 10,5 C10,5.55228475 10.4477153,6 11,6 L16,6 C16.5522847,6 17,5.55228475 17,5 C17,4.44771525 16.5522847,4 16,4 L11,4 Z M7,6 C7.55228475,6 8,5.55228475 8,5 C8,4.44771525 7.55228475,4 7,4 C6.44771525,4 6,4.44771525 6,5 C6,5.55228475 6.44771525,6 7,6 Z\" fill=\"#000000\" opacity=\"0.3\"><\/path> <path d=\"M5,9 L19,9 C20.1045695,9 21,9.8954305 21,11 L21,13 C21,14.1045695 20.1045695,15 19,15 L5,15 C3.8954305,15 3,14.1045695 3,13 L3,11 C3,9.8954305 3.8954305,9 5,9 Z M11,11 C10.4477153,11 10,11.4477153 10,12 C10,12.5522847 10.4477153,13 11,13 L16,13 C16.5522847,13 17,12.5522847 17,12 C17,11.4477153 16.5522847,11 16,11 L11,11 Z M7,13 C7.55228475,13 8,12.5522847 8,12 C8,11.4477153 7.55228475,11 7,11 C6.44771525,11 6,11.4477153 6,12 C6,12.5522847 6.44771525,13 7,13 Z\" fill=\"#000000\"><\/path> <path d=\"M5,16 L19,16 C20.1045695,16 21,16.8954305 21,18 L21,20 C21,21.1045695 20.1045695,22 19,22 L5,22 C3.8954305,22 3,21.1045695 3,20 L3,18 C3,16.8954305 3.8954305,16 5,16 Z M11,18 C10.4477153,18 10,18.4477153 10,19 C10,19.5522847 10.4477153,20 11,20 L16,20 C16.5522847,20 17,19.5522847 17,19 C17,18.4477153 16.5522847,18 16,18 L11,18 Z M7,20 C7.55228475,20 8,19.5522847 8,19 C8,18.4477153 7.55228475,18 7,18 C6.44771525,18 6,18.4477153 6,19 C6,19.5522847 6.44771525,20 7,20 Z\" id=\"Combined-Shape-Copy-2\" fill=\"#000000\"><\/path> <\/g> <\/svg><\/span><span class=\"font-weight-bold secondary-font text-heading-default\" >\u00bfTen\u00e9is m\u00e1s tarifas?<\/span><\/button>\n           <\/div>\n           <div id=\"collapse1590709472686-eb19bb6a-ed3f\" class=\"collapse show\" aria-labelledby=\"heading1590709472686-eb19bb6a-ed3f\">\n             <div class=\"card-body\">\n                 <div class=\"pix-el-text w-100\" ><div class=\"d-inline-block\" style=\"max-width:600px;\"><p class=\"text-body-default\" ><span class=\"text-body-default animate-in d-inline-block\" data-anim-delay=\"1000\" data-anim-type=\"fade-in-up\">S\u00ed, tenemos tambi\u00e9n la familiar, la semestral y la anual. Para m\u00e1s informaci\u00f3n env\u00edanos un mensaje a Instagram @gimnasurbanfit o un correo a info@urbanfit.es<\/span><\/p><\/div><\/div>\n             <\/div>\n           <\/div>\n         <\/div><div class=\"card\">\n           <div class=\"card-header bg-white pix-mb-10 shadow-sm rounded-lg\" id=\"heading1678727836440-d0218e52-44da\">\n               <button class=\"btn btn-link text-left rounded-lg bg-transparent\" type=\"button\" data-toggle=\"collapse\" data-target=\"#collapse1678727836440-d0218e52-44da\" aria-expanded=\"true\" aria-controls=\"collapse1678727836440-d0218e52-44da\" ><span class=\"d-inline-block text-primary svg-20 pix-mr-10\"><svg width=\"100%\" height=\"100%\" viewbox=\"0 0 24 24\" version=\"1.1\" xmlns=\"http:\/\/www.w3.org\/2000\/svg\" xmlns:xlink=\"http:\/\/www.w3.org\/1999\/xlink\"> <defs><\/defs> <g stroke=\"none\" stroke-width=\"1\" fill=\"none\" fill-rule=\"evenodd\"> <path d=\"M10.9630156,7.5 L11.0475062,7.5 C11.3043819,7.5 11.5194647,7.69464724 11.5450248,7.95024814 L12,12.5 L15.2480695,14.3560397 C15.403857,14.4450611 15.5,14.6107328 15.5,14.7901613 L15.5,15 C15.5,15.2109164 15.3290185,15.3818979 15.1181021,15.3818979 C15.0841582,15.3818979 15.0503659,15.3773725 15.0176181,15.3684413 L10.3986612,14.1087258 C10.1672824,14.0456225 10.0132986,13.8271186 10.0316926,13.5879956 L10.4644883,7.96165175 C10.4845267,7.70115317 10.7017474,7.5 10.9630156,7.5 Z\" id=\"Path-107\" fill=\"#000000\"><\/path> <path d=\"M7.38979581,2.8349582 C8.65216735,2.29743306 10.0413491,2 11.5,2 C17.2989899,2 22,6.70101013 22,12.5 C22,18.2989899 17.2989899,23 11.5,23 C5.70101013,23 1,18.2989899 1,12.5 C1,11.5151324 1.13559454,10.5619345 1.38913364,9.65805651 L3.31481075,10.1982117 C3.10672013,10.940064 3,11.7119264 3,12.5 C3,17.1944204 6.80557963,21 11.5,21 C16.1944204,21 20,17.1944204 20,12.5 C20,7.80557963 16.1944204,4 11.5,4 C10.54876,4 9.62236069,4.15592757 8.74872191,4.45446326 L9.93948308,5.87355717 C10.0088058,5.95617272 10.0495583,6.05898805 10.05566,6.16666224 C10.0712834,6.4423623 9.86044965,6.67852665 9.5847496,6.69415008 L4.71777931,6.96995273 C4.66931162,6.97269931 4.62070229,6.96837279 4.57348157,6.95710938 C4.30487471,6.89303938 4.13906482,6.62335149 4.20313482,6.35474463 L5.33163823,1.62361064 C5.35654118,1.51920756 5.41437908,1.4255891 5.49660017,1.35659741 C5.7081375,1.17909652 6.0235153,1.2066885 6.2010162,1.41822583 L7.38979581,2.8349582 Z\" fill=\"#000000\" opacity=\"0.3\"><\/path> <\/g> <\/svg><\/span><span class=\"font-weight-bold secondary-font text-heading-default\" >\u00bfAbr\u00eds los s\u00e1bados?<\/span><\/button>\n           <\/div>\n           <div id=\"collapse1678727836440-d0218e52-44da\" class=\"collapse\" aria-labelledby=\"heading1678727836440-d0218e52-44da\">\n             <div class=\"card-body\">\n                 <div class=\"pix-el-text w-100\" ><div class=\"d-inline-block\" style=\"max-width:600px;\"><p class=\"text-body-default\" ><span class=\"text-body-default animate-in d-inline-block\" data-anim-delay=\"1000\" data-anim-type=\"fade-in-up\">A partir de Abril abrimos tambi\u00e9n los s\u00e1bados de 9:00 a 14:00 h<\/span><\/p><\/div><\/div>\n             <\/div>\n           <\/div>\n         <\/div><div class=\"card\">\n           <div class=\"card-header bg-white pix-mb-10 shadow-sm rounded-lg\" id=\"heading1590709577267-a3f17367-0562\">\n               <button class=\"btn btn-link text-left rounded-lg bg-transparent\" type=\"button\" data-toggle=\"collapse\" data-target=\"#collapse1590709577267-a3f17367-0562\" aria-expanded=\"true\" aria-controls=\"collapse1590709577267-a3f17367-0562\" ><span class=\"d-inline-block text-gradient-primary svg-20 pix-mr-10\"><svg width=\"100%\" height=\"100%\" viewbox=\"0 0 24 24\" version=\"1.1\" xmlns=\"http:\/\/www.w3.org\/2000\/svg\" xmlns:xlink=\"http:\/\/www.w3.org\/1999\/xlink\"> <defs><\/defs> <g stroke=\"none\" stroke-width=\"1\" fill=\"none\" fill-rule=\"evenodd\"> <path d=\"M8,3 L8,3.5 C8,4.32842712 8.67157288,5 9.5,5 L14.5,5 C15.3284271,5 16,4.32842712 16,3.5 L16,3 L18,3 C19.1045695,3 20,3.8954305 20,5 L20,21 C20,22.1045695 19.1045695,23 18,23 L6,23 C4.8954305,23 4,22.1045695 4,21 L4,5 C4,3.8954305 4.8954305,3 6,3 L8,3 Z\" fill=\"#000000\" opacity=\"0.3\"><\/path> <path d=\"M11,2 C11,1.44771525 11.4477153,1 12,1 C12.5522847,1 13,1.44771525 13,2 L14.5,2 C14.7761424,2 15,2.22385763 15,2.5 L15,3.5 C15,3.77614237 14.7761424,4 14.5,4 L9.5,4 C9.22385763,4 9,3.77614237 9,3.5 L9,2.5 C9,2.22385763 9.22385763,2 9.5,2 L11,2 Z\" fill=\"#000000\"><\/path> <rect fill=\"#000000\" opacity=\"0.3\" x=\"10\" y=\"9\" width=\"7\" height=\"2\" rx=\"1\"><\/rect> <rect fill=\"#000000\" opacity=\"0.3\" x=\"7\" y=\"9\" width=\"2\" height=\"2\" rx=\"1\"><\/rect> <rect fill=\"#000000\" opacity=\"0.3\" x=\"7\" y=\"13\" width=\"2\" height=\"2\" rx=\"1\"><\/rect> <rect fill=\"#000000\" opacity=\"0.3\" x=\"10\" y=\"13\" width=\"7\" height=\"2\" rx=\"1\"><\/rect> <rect fill=\"#000000\" opacity=\"0.3\" x=\"7\" y=\"17\" width=\"2\" height=\"2\" rx=\"1\"><\/rect> <rect fill=\"#000000\" opacity=\"0.3\" x=\"10\" y=\"17\" width=\"7\" height=\"2\" rx=\"1\"><\/rect> <\/g> <\/svg><\/span><span class=\"font-weight-bold secondary-font text-heading-default\" >\u00bfDais clases dirigidas?<\/span><\/button>\n           <\/div>\n           <div id=\"collapse1590709577267-a3f17367-0562\" class=\"collapse\" aria-labelledby=\"heading1590709577267-a3f17367-0562\">\n             <div class=\"card-body\">\n                 <div class=\"pix-el-text w-100\" ><div class=\"d-inline-block\" style=\"max-width:600px;\"><p class=\"text-body-default\" ><span class=\"text-body-default animate-in d-inline-block\" data-anim-delay=\"1000\" data-anim-type=\"fade-in-up\">No, actualmente UrbanFit es un gimnasio de maquinaria<\/span><\/p><\/div><\/div>\n             <\/div>\n           <\/div>\n         <\/div><div class=\"card\">\n           <div class=\"card-header bg-white pix-mb-10 shadow-sm rounded-lg\" id=\"heading1590709628460-e48f739e-ddc8\">\n               <button class=\"btn btn-link text-left rounded-lg bg-transparent\" type=\"button\" data-toggle=\"collapse\" data-target=\"#collapse1590709628460-e48f739e-ddc8\" aria-expanded=\"true\" aria-controls=\"collapse1590709628460-e48f739e-ddc8\" ><span class=\"d-inline-block text-gradient-primary svg-20 pix-mr-10\"><svg width=\"100%\" height=\"100%\" viewbox=\"0 0 24 24\" version=\"1.1\" xmlns=\"http:\/\/www.w3.org\/2000\/svg\" xmlns:xlink=\"http:\/\/www.w3.org\/1999\/xlink\"> <defs><\/defs> <g stroke=\"none\" stroke-width=\"1\" fill=\"none\" fill-rule=\"evenodd\"> <circle fill=\"#000000\" opacity=\"0.3\" cx=\"12\" cy=\"12\" r=\"10\"><\/circle> <rect id=\"Rectangle-9\" fill=\"#000000\" x=\"11\" y=\"7\" width=\"2\" height=\"8\" rx=\"1\"><\/rect> <rect id=\"Rectangle-9-Copy\" fill=\"#000000\" x=\"11\" y=\"16\" width=\"2\" height=\"2\" rx=\"1\"><\/rect> <\/g> <\/svg><\/span><span class=\"font-weight-bold secondary-font text-heading-default\" >\u00bfHace\u00eds crossfit?<\/span><\/button>\n           <\/div>\n           <div id=\"collapse1590709628460-e48f739e-ddc8\" class=\"collapse\" aria-labelledby=\"heading1590709628460-e48f739e-ddc8\">\n             <div class=\"card-body\">\n                 <div class=\"pix-el-text w-100\" ><div class=\"d-inline-block\" style=\"max-width:600px;\"><p class=\"text-body-default\" ><span class=\"text-body-default animate-in d-inline-block\" data-anim-delay=\"1000\" data-anim-type=\"fade-in-up\">Actualmente nuestro establecimiento no tiene esa funcionalidad.<\/span><\/p><\/div><\/div>\n             <\/div>\n           <\/div>\n         <\/div><\/div><\/div><\/div><\/div><\/div><\/section><div data-vc-full-width=\"true\" data-vc-full-width-init=\"false\" class=\"vc_row wpb_row vc_row-fluid vc_row_visible vc_custom_1678736732417\"><div class=\"pix-divider pix-top-divider\" data-style=\"style-1\" style=\"top:-1px;\"><svg xmlns=\"http:\/\/www.w3.org\/2000\/svg\" width=\"100%\"  viewbox=\"0 0 1200 559\" preserveaspectratio=\"none\"><path fill=\"rgba(224,225,107,0.3)\"  d=\"M1200,0.140054699 L1200,559 L0,559 L0,0.35722972 L560.822718,466.803344 C576.243831,479.629355 582.976586,482.937632 591.005571,485.104574 C599.034555,487.271517 607.100903,487.250104 615.118269,485.040564 C623.135636,482.831024 629.850732,479.487048 645.203531,466.579344 L1200,0.140054699 Z\"  \/><path fill=\"rgba(255,255,255,0.6)\"  d=\"M1200,30.1400547 L1200,559 L0,559 L0,30.3572297 L560.822718,496.803344 C576.243831,509.629355 582.976586,512.937632 591.005571,515.104574 C599.034555,517.271517 607.100903,517.250104 615.118269,515.040564 C623.135636,512.831024 629.850732,509.487048 645.203531,496.579344 L1200,30.1400547 Z\" \/><path fill=\"#ffffff\" d=\"M1200,60.1400547 L1200,559 L0,559 L0,60.3572297 L560.822718,526.803344 C576.243831,539.629355 582.976586,542.937632 591.005571,545.104574 C599.034555,547.271517 607.100903,547.250104 615.118269,545.040564 C623.135636,542.831024 629.850732,539.487048 645.203531,526.579344 L1200,60.1400547 Z\"\/><defs><\/defs><\/svg><\/div><div class=\"wpb_column vc_column_container vc_col-sm-12 text-left\"><div class=\"vc_column-inner\"><div class=\"wpb_wrapper\"><div id=\"1672600450889-fda52571-502d\" class=\"pix-feature-el text-center  vc_custom_1678728735638\"><div class=\"d-inline-block animate-in\" data-anim-type=\"fade-in-up\" data-anim-delay=\"800\" style=\"position:relative;text-align:center;\"><i style=\"display:inline-block;font-size:64px;line-height:64px;\" class=\"text-gradient-primary align-middle pixicon-call-message\"><\/i><\/div><h4 class=\"font-weight-bold   text-heading-default animate-in\" style=\"padding-top:30px;\" data-anim-type=\"fade-in-up\" data-anim-delay=\"900\">Preg\u00fantanos<\/h4><div class=\"text-body-default text-18     animate-in\" style=\"padding-top:10px;\" data-anim-type=\"fade-in-up\" data-anim-delay=\"1000\">Si no encuentras tu pregunta y sigues con la duda\u2026<\/div><\/div><div class=\"pix-fancy-mockup\"><div class=\"pix-fancy-content\"><img decoding=\"async\" class=\"\" src=\"https:\/\/urbanfit.es\/wp-content\/uploads\/2023\/03\/Captura-de-pantalla-2023-03-13-a-les-18.37.20.png\" alt=\"\"><\/div>\n                    <img decoding=\"async\" class=\"pix-fancy-device-img\" src=\"https:\/\/urbanfit.es\/wp-content\/plugins\/pixfort-core\/functions\/images\/ipad.png\" alt=\"\"><\/div><div class=\"d-block w-100 text-center\"><a  href=\"https:\/\/www.instagram.com\/gimnasurbanfit\/\" class=\"btn mb-2    vc_custom_1678985651215  shadow-sm shadow-hover text-white btn-gradient-primary d-inline-block pix-hover-item     secondary-font btn-rounded animate-in pix-btn-div btn-xl\" target=\"_blank\" rel=\"noopener\"  data-anim-type=\"fade-in-up\" data-anim-delay=\"800\" ><i class=\"font-weight-bold pixicon-instagram2  pix-hover-left  mr-1\"><\/i> <span class=\"font-weight-bold\" >Ir a Instagram<\/span><\/a><\/div><\/div><\/div><\/div><\/div><div class=\"vc_row-full-width vc_clearfix\"><\/div>\n<\/section>","protected":false},"excerpt":{"rendered":"FAQsTens&#32; preguntes? Mira&#32; aquestes&#32; respostes&#32; Hi ha servei d'entrenament personal? I de dietes? Si, disposem dels dos serveis. Per m\u00e9s informaci\u00f3 envia'ns un missatge a Instagram @gimnasurbanfit o un correu a info@urbanfit.es Teniu m\u00e9s tarifes? Si, tenim tamb\u00e9 la familiar,...","protected":false},"author":1,"featured_media":0,"parent":0,"menu_order":0,"comment_status":"closed","ping_status":"closed","template":"","meta":{"om_disable_all_campaigns":false,"footnotes":""},"aioseo_notices":[],"_links":{"self":[{"href":"https:\/\/urbanfit.es\/es\/wp-json\/wp\/v2\/pages\/13411"}],"collection":[{"href":"https:\/\/urbanfit.es\/es\/wp-json\/wp\/v2\/pages"}],"about":[{"href":"https:\/\/urbanfit.es\/es\/wp-json\/wp\/v2\/types\/page"}],"author":[{"embeddable":true,"href":"https:\/\/urbanfit.es\/es\/wp-json\/wp\/v2\/users\/1"}],"replies":[{"embeddable":true,"href":"https:\/\/urbanfit.es\/es\/wp-json\/wp\/v2\/comments?post=13411"}],"version-history":[{"count":21,"href":"https:\/\/urbanfit.es\/es\/wp-json\/wp\/v2\/pages\/13411\/revisions"}],"predecessor-version":[{"id":13722,"href":"https:\/\/urbanfit.es\/es\/wp-json\/wp\/v2\/pages\/13411\/revisions\/13722"}],"wp:attachment":[{"href":"https:\/\/urbanfit.es\/es\/wp-json\/wp\/v2\/media?parent=13411"}],"curies":[{"name":"wp","href":"https:\/\/api.w.org\/{rel}","templated":true}]}}