{"id":13424,"date":"2023-01-01T21:45:37","date_gmt":"2023-01-01T19:45:37","guid":{"rendered":"https:\/\/urbanfit.es\/?page_id=13424"},"modified":"2023-03-16T19:47:54","modified_gmt":"2023-03-16T17:47:54","slug":"qui-som","status":"publish","type":"page","link":"https:\/\/urbanfit.es\/es\/qui-som\/","title":{"rendered":"Qui\u00e9nes somos?"},"content":{"rendered":"<section class=\"wpb-content-wrapper\"><section data-vc-full-width=\"true\" data-vc-full-width-init=\"false\" class=\"vc_section vc_section_visible pix-intro-1 vc_custom_1678734851870 vc_section-has-fill\" data-section-name=\"\"><div class=\"fullpage-container\"><div class=\"pix-intro-img jarallax\" data-jarallax data-speed=\"0.8\"><img decoding=\"async\" loading=\"lazy\" class=\"jarallax-img pix-opacity-7\"  src=\"https:\/\/urbanfit.es\/wp-content\/uploads\/2023\/03\/pexels-victor-freitas-841132-scaled.jpg\" alt=\"\" \/><\/div><\/div><div class=\"pix-divider pix-bottom-divider\" data-style=\"style-24\" style=\"bottom:-1px;\"><svg xmlns=\"http:\/\/www.w3.org\/2000\/svg\" width=\"100%\" height=\"300\" viewbox=\"0 0 300 130\" preserveaspectratio=\"none\"><g fill=\"rgba(255,255,255,0.3)\"  ><polygon points=\"205.6875 18.8837729 300 3.92225477e-14 300 49.83 205.6875 68.67\"><\/polygon><path d=\"M43.5002561,84.4287699 L43.5002561,67.6974063 L0,76.0518732 L0,93.1053435 L43.5002561,84.4287699 Z M43.1248125,68.1469741 L43.1248125,84.5056196 L0,93.1036023 L0,76.426513 L43.1248125,68.1469741 Z\"><\/path><\/g><g fill=\"#ffffff\"  ><polygon points=\"0 109.769452 300 49.8270893 300 130 0 130\"><\/polygon><\/g><g fill=\"rgba(255,255,255,0.6)\" transform=\"translate(0.0, 49.83)\"><polygon points=\"87.319394 25.82088 87.375 42.5187032 71.812 45.62088 71.8127561 62.3221129 0 77.0678507 0 76.6446398 71.4373125 62.0149568 71.437 45.69588 0 59.9394524 0 43.2679827\"><\/polygon><polygon points=\"256.3125 8.72 300 2.1931479e-17 300 16.5748991 256.3125 25.2852738\"><\/polygon><\/g><defs><\/defs><\/svg><\/div><div data-vc-full-width=\"true\" data-vc-full-width-init=\"false\" class=\"vc_row wpb_row vc_row-fluid vc_row_visible vc_custom_1678734658348 vc_row-o-content-middle vc_row-flex\"><div class=\"wpb_column vc_column_container vc_col-sm-12 text-left\"><div class=\"vc_column-inner  vc_custom_1592491872864\"><div class=\"wpb_wrapper\"><div  class=\"pix-heading-el text-center  vc_custom_1678988871229\"><div><div class=\"slide-in-container\"><h1 class=\"text-black font-weight-bold heading-text el-title_custom_color mb-12\" style=\"\" data-anim-type=\"\" data-anim-delay=\"0\">\u00bfQui\u00e9nes somos?<\/h1><\/div><\/div><\/div><\/div><\/div><\/div><\/div><div class=\"vc_row-full-width vc_clearfix\"><\/div><\/section><div class=\"vc_row-full-width vc_clearfix\"><\/div><section class=\"vc_section vc_section_visible vc_custom_1678734762333\" data-section-name=\"\"><div class=\"vc_row wpb_row vc_row-fluid vc_row_visible vc_row-o-content-middle vc_row-flex\"><div class=\"wpb_column vc_column_container vc_col-sm-6 vc_hidden-xs text-left\"><div class=\"vc_column-inner\"><div class=\"wpb_wrapper\"><div class=\"d-inline-block\" style=\"width:100%;\"><div class=\"animate-in w-100 d-inline-block\" data-anim-type=\"fade-in-right\" data-anim-delay=\"200\"><div class=\"pix-img-el  vc_custom_1678732642030   shadow-lg text-left d-inline-block  w-100 rounded-xl\"  ><img fetchpriority=\"high\" decoding=\"async\" class=\"card-img2 pix-img-elem rounded-xl  h-1002\" style=\"width:100%;max-height:20%;\" width=\"1473\" height=\"2208\" srcset=\"https:\/\/urbanfit.es\/wp-content\/uploads\/2023\/02\/pexels-pixabay-260352.jpg 1473w, https:\/\/urbanfit.es\/wp-content\/uploads\/2023\/02\/pexels-pixabay-260352-200x300.jpg 200w, https:\/\/urbanfit.es\/wp-content\/uploads\/2023\/02\/pexels-pixabay-260352-683x1024.jpg 683w, https:\/\/urbanfit.es\/wp-content\/uploads\/2023\/02\/pexels-pixabay-260352-768x1151.jpg 768w, https:\/\/urbanfit.es\/wp-content\/uploads\/2023\/02\/pexels-pixabay-260352-1025x1536.jpg 1025w, https:\/\/urbanfit.es\/wp-content\/uploads\/2023\/02\/pexels-pixabay-260352-1366x2048.jpg 1366w\" sizes=\"(max-width: 1473px) 100vw, 1473px\" src=\"https:\/\/urbanfit.es\/wp-content\/uploads\/2023\/02\/pexels-pixabay-260352.jpg\" alt=\"\" \/><\/div><\/div><\/div><\/div><\/div><\/div><div class=\"wpb_column vc_column_container vc_col-sm-6 text-left\"><div class=\"vc_column-inner\"><div class=\"wpb_wrapper\"><div class=\"text-left\"><div><h1 class=\"pix-headline my-3  loading-bar text-dark-opacity-9 font-weight-bold  secondary-font animate-in\" style=\"\" data-anim-type=\"fade-in-up\" data-anim-delay=\"0\" ><span>Urbanfit <\/span><span class=\"pix-words-wrapper\"><span class=\"is-visible\" >qu\u00e9 hace?<\/span> <span class=\"\" >qui\u00e9n es?<\/span> <span class=\"\" >d\u00f3nde est\u00e1?<\/span> <span class=\"pix-bar bg-dark-opacity-9\" ><\/span><\/span><span><\/span><\/h1><\/div><\/div><div class=\"pix-el-text w-100   vc_custom_1678985714614\" ><p class=\"text-20  text-body-default\" ><span class=\"text-body-default animate-in d-inline-block\" data-anim-delay=\"200\" data-anim-type=\"fade-in-up\">Som un gimn\u00e0s situat a Vidreres obert des del 2023. Hem volgut crear un gimn\u00e0s de proximitat on la gent pugui sentir-se c\u00f2moda i assessorada. Volem estar sempre en contacte amb la gent per aix\u00ed poder continuar oferint el que necessitin els socis dins del nostre espai.<\/span><\/p><\/div><a  href=\"https:\/\/urbanfit.es\/index.php\/13416-2\/\" class=\"btn mb-2    vc_custom_1678737018472  text-heading-default btn-blink-white d-inline-block pix-hover-item       animate-in btn-lg\" target=\"_blank\" rel=\"noopener\"  data-anim-type=\"fade-in-left\" data-anim-delay=\"600\" ><i class=\"font-weight-bold pixicon-paper-plane-1  pix-hover-left  mr-1\"><\/i> <span class=\"font-weight-bold\" >Cont\u00e1ctanos<\/span><\/a><\/div><\/div><\/div><\/div><\/section>\n<\/section>","protected":false},"excerpt":{"rendered":"QUI SOM?Urbanfit qu\u00e8 fa? qui \u00e9s? on est\u00e0? Som un gimn\u00e0s situat a Vidreres obert des del 2023. Hem volgut crear un gimn\u00e0s de proximitat on la gent pugui sentir-se c\u00f2moda i assessorada. Volem estar sempre en contacte amb la...","protected":false},"author":1,"featured_media":0,"parent":0,"menu_order":0,"comment_status":"closed","ping_status":"closed","template":"","meta":{"om_disable_all_campaigns":false,"footnotes":""},"aioseo_notices":[],"_links":{"self":[{"href":"https:\/\/urbanfit.es\/es\/wp-json\/wp\/v2\/pages\/13424"}],"collection":[{"href":"https:\/\/urbanfit.es\/es\/wp-json\/wp\/v2\/pages"}],"about":[{"href":"https:\/\/urbanfit.es\/es\/wp-json\/wp\/v2\/types\/page"}],"author":[{"embeddable":true,"href":"https:\/\/urbanfit.es\/es\/wp-json\/wp\/v2\/users\/1"}],"replies":[{"embeddable":true,"href":"https:\/\/urbanfit.es\/es\/wp-json\/wp\/v2\/comments?post=13424"}],"version-history":[{"count":12,"href":"https:\/\/urbanfit.es\/es\/wp-json\/wp\/v2\/pages\/13424\/revisions"}],"predecessor-version":[{"id":13723,"href":"https:\/\/urbanfit.es\/es\/wp-json\/wp\/v2\/pages\/13424\/revisions\/13723"}],"wp:attachment":[{"href":"https:\/\/urbanfit.es\/es\/wp-json\/wp\/v2\/media?parent=13424"}],"curies":[{"name":"wp","href":"https:\/\/api.w.org\/{rel}","templated":true}]}}