{"id":13444,"date":"2023-01-30T13:49:39","date_gmt":"2023-01-30T11:49:39","guid":{"rendered":"https:\/\/urbanfit.es\/?page_id=13444"},"modified":"2023-03-16T17:34:38","modified_gmt":"2023-03-16T15:34:38","slug":"13444-2","status":"publish","type":"page","link":"https:\/\/urbanfit.es\/es\/13444-2\/","title":{"rendered":"404 Error"},"content":{"rendered":"<section class=\"wpb-content-wrapper\"><section data-vc-full-width=\"true\" data-vc-full-width-init=\"false\" class=\"vc_section vc_section_visible vc_row-o-full-height vc_section-o-content-middle vc_section-flex\" data-section-name=\"\"><div class=\"pix_element_overlay\" style=\"pointer-events:none;background:linear-gradient(to bottom, rgb(248, 249, 250) 0%, rgb(255,255,255) 100%);position:absolute;width:100%;height:100%;top:0;left:0;opacity:1;\"><\/div><div class=\"pix-divider pix-bottom-divider\" data-style=\"style-25\" style=\"bottom:-1px;\"><svg xmlns=\"http:\/\/www.w3.org\/2000\/svg\" width=\"100%\"  viewbox=\"0 0 300 121\" preserveaspectratio=\"none\"><g class=\"animate-in\" data-anim-type=\"fade-in\" data-anim-delay=\"0\"><g fill=\"url(#divider-80524-bottom-overlay-layer-3)\" ><ellipse cx=\"222\" cy=\"44.9535604\" rx=\"45\" ry=\"44.9535604\"><\/ellipse><\/g><\/g><g class=\"animate-in\" data-anim-type=\"fade-in-left\" data-anim-delay=\"100\"><g fill=\"url(#divider-80524-bottom-overlay-layer-2)\" ><path d=\"M39.1875,109.574303 C39.1875,87.9539798 21.6426586,70.4272446 0,70.4272446 C0,83.5386997 0,96.5877193 0,109.574303 C12.875,109.574303 25.9375,109.574303 39.1875,109.574303 Z\"><\/path><\/g><\/g><g fill=\"rgba(255,255,255,0.01)\" ><path d=\"M0,121 L300,121 C300,86.5356037 300,56.4416925 300,30.7182663 C256.404023,30.7182663 221.0625,66.0233167 221.0625,109.574303 C210.5625,109.574303 136.875,109.574303 0,109.574303 L0,121 Z\"><\/path><\/g><defs><lineargradient id=\"divider-80524-bottom-overlay-layer-3\" x1=\"0%\" y1=\"0%\" x2=\"100%\" y2=\"0%\"><stop offset=\"0%\"   stop-color=\"rgba(255,255,255,0.01)\"\/><stop offset=\"100%\"   stop-color=\"rgba(233,236,239,0.6)\"\/><\/lineargradient><lineargradient id=\"divider-80524-bottom-overlay-layer-2\" x1=\"0%\" y1=\"0%\" x2=\"100%\" y2=\"0%\"><stop offset=\"0%\"   stop-color=\"rgba(255,255,255,0.6)\"\/><stop offset=\"100%\"   stop-color=\"#e9ecef\"\/><\/lineargradient><\/defs><\/svg><\/div><div data-vc-full-width=\"true\" data-vc-full-width-init=\"false\" class=\"vc_row wpb_row vc_row-fluid vc_row_visible custom-responsive-43583410 vc_custom_1605062747142 vc_row-o-content-middle vc_row-flex\"><div class=\"wpb_column vc_column_container vc_col-sm-6 text-left\"><div class=\"vc_column-inner  vc_custom_1559101053478\"><div class=\"wpb_wrapper\"><div id=\"el1603925735052-9e8ebf61-2524\" class=\"pix-highlighted-element text-left  vc_custom_1678735638913\"><div class=\"d-inline-block\" style=\"max-width:600px;\"><h2 class=\"pix-highlighted-items\" style=\"\" data-anim-type=\"\" data-anim-delay=\"0\"><span id=\"el1603925735052-9e8ebf61-2524-0\" class=\"pix-highlight-bg align-middle2  el1603925735052-9e8ebf61-2524-0 animate-in\" data-anim-type=\"highlight-grow\" data-anim-delay=\"200\"><span class=\"pix-highlighted-text  pix-highlight-item font-weight-normal  font-weight-bold heading-font text-heading-default\">Error 404<\/span><\/span><\/br><span id=\"el1603925735052-9e8ebf61-2524-1\" class=\"\"><span class=\"pix-highlighted-text pix-highlight-item font-weight-normal  font-weight-bold heading-font text-heading-default\">P\u00e0gina no trobada!<\/span><\/span><\/h2><\/div><\/div><div class=\"pix-el-text w-100   vc_custom_1678980868952\" ><p class=\"text-18  text-body-default  secondary-font\" >Ho sentim, per\u00f2 la p\u00e0gina que est\u00e0s buscant no existeix o ja no est\u00e0 disponible.<\/p><\/div><div class=\"pix-el-text w-100   vc_custom_1678980876408\" ><p class=\"text-18  text-body-default  secondary-font\" >Torna a la p\u00e0gina principal<\/p><\/div><a  href=\"https:\/\/urbanfit.es\" class=\"btn mb-2     shadow shadow-hover btn-primary d-inline-block pix-hover-item       btn-md\" target=\"_blank\" rel=\"noopener\"    ><span class=\"font-weight-bold\" >P\u00e0gina principal<\/span> <i class=\"font-weight-bold pixicon-angle-right  pix-hover-right  ml-1\"><\/i><\/a><\/div><\/div><\/div><div class=\"wpb_column vc_column_container vc_col-sm-6 text-center\"><div class=\"vc_column-inner\"><div class=\"wpb_wrapper\"><div class=\"d-inline-block\" style=\"width:90%;\"><div class=\"animate-in w-100 d-inline-block\" data-anim-type=\"pix-3d-right-in-big\" data-anim-delay=\"100\"><div class=\"pix-img-el    text-center d-inline-block  w-100 rounded-lg\"  ><img decoding=\"async\" class=\"card-img2 pix-img-elem rounded-lg  h-1002\" style=\"width:90%;height:auto;\"   src=\"https:\/\/essentials.pixfort.com\/digital-agency\/wp-content\/uploads\/sites\/55\/2022\/02\/404-image-digital-agency.png\" alt=\"\" \/><\/div><\/div><\/div><\/div><\/div><\/div><\/div><div class=\"vc_row-full-width vc_clearfix\"><\/div><\/section><div class=\"vc_row-full-width vc_clearfix\"><\/div>\n<\/section>","protected":false},"excerpt":{"rendered":"Error 404P\u00e0gina no trobada!Ho sentim, per\u00f2 la p\u00e0gina que est\u00e0s buscant no existeix o ja no est\u00e0 disponible.Torna a la p\u00e0gina principalP\u00e0gina principal","protected":false},"author":1,"featured_media":0,"parent":0,"menu_order":0,"comment_status":"closed","ping_status":"closed","template":"","meta":{"om_disable_all_campaigns":false,"footnotes":""},"aioseo_notices":[],"_links":{"self":[{"href":"https:\/\/urbanfit.es\/es\/wp-json\/wp\/v2\/pages\/13444"}],"collection":[{"href":"https:\/\/urbanfit.es\/es\/wp-json\/wp\/v2\/pages"}],"about":[{"href":"https:\/\/urbanfit.es\/es\/wp-json\/wp\/v2\/types\/page"}],"author":[{"embeddable":true,"href":"https:\/\/urbanfit.es\/es\/wp-json\/wp\/v2\/users\/1"}],"replies":[{"embeddable":true,"href":"https:\/\/urbanfit.es\/es\/wp-json\/wp\/v2\/comments?post=13444"}],"version-history":[{"count":6,"href":"https:\/\/urbanfit.es\/es\/wp-json\/wp\/v2\/pages\/13444\/revisions"}],"predecessor-version":[{"id":13658,"href":"https:\/\/urbanfit.es\/es\/wp-json\/wp\/v2\/pages\/13444\/revisions\/13658"}],"wp:attachment":[{"href":"https:\/\/urbanfit.es\/es\/wp-json\/wp\/v2\/media?parent=13444"}],"curies":[{"name":"wp","href":"https:\/\/api.w.org\/{rel}","templated":true}]}}