{"id":13619,"date":"2023-03-16T14:43:11","date_gmt":"2023-03-16T12:43:11","guid":{"rendered":"https:\/\/urbanfit.es\/?page_id=13619"},"modified":"2023-04-17T12:35:24","modified_gmt":"2023-04-17T10:35:24","slug":"13619-2","status":"publish","type":"page","link":"https:\/\/urbanfit.es\/es\/","title":{"rendered":"Homepage"},"content":{"rendered":"<section class=\"wpb-content-wrapper\"><div data-vc-full-width=\"true\" data-vc-full-width-init=\"false\" data-vc-stretch-content=\"true\" class=\"vc_row wpb_row vc_row-fluid vc_row_visible position-relative vc_row-no-padding\"><div class=\"wpb_column vc_column_container vc_col-sm-12 text-left\"><div class=\"vc_column-inner\"><div class=\"wpb_wrapper\"><div class=\"pix-slider-div  vc_custom_1678989022031 rounded-0\"   ><div id=\"pix-slider-135329887\" class=\"pix-slider rounded-0 overflow-hidden  bg-gradient-primary pix-slider-full no-dots\"  data-flickity='{\"autoPlay\":false,\"wrapAround\":true}'><div class=\"carousel-cell p-0\">\n\t\t\t\t\t\t\t            <div class=\"pix-intro-1 d-inline-block w-100\" >\n\t\t\t\t\t\t\t                <div class=\"pix-intro-img jarallax-slider2 w-100\" data-jarallax2 data-speed=\"0.4\" ><img decoding=\"async\" class=\"jarallax-img2 pix-opacity-4 pix-fit-cover w-100\" src=\"https:\/\/urbanfit.es\/wp-content\/uploads\/2023\/03\/fa019feb-6b8e-40b4-982e-09366083efb7.jpg\" data-srcset=\"https:\/\/urbanfit.es\/wp-content\/uploads\/2023\/03\/fa019feb-6b8e-40b4-982e-09366083efb7-135x300.jpg 135w, https:\/\/urbanfit.es\/wp-content\/uploads\/2023\/03\/fa019feb-6b8e-40b4-982e-09366083efb7-460x1024.jpg 460w, https:\/\/urbanfit.es\/wp-content\/uploads\/2023\/03\/fa019feb-6b8e-40b4-982e-09366083efb7-690x1536.jpg 690w, https:\/\/urbanfit.es\/wp-content\/uploads\/2023\/03\/fa019feb-6b8e-40b4-982e-09366083efb7.jpg 719w\" alt=\"\" \/><\/div>\n\t\t\t\t\t\t\t                <div class=\"container\">\n\t\t\t\t\t\t\t                    <div class=\"slider-content-row  row-eq-height align-items-center pix-py-200\" >\n\t\t\t\t\t\t\t\t\t\t\t\t\t\n\t\t\t\t\t\t\t                        <div class=\"col-12 col-md-8 pix-py-50 pix-px-40 d-md-flex\">\n\t\t\t\t\t\t\t                            <div class=\"w-100 text-left\"><div id=\"pix-intro-sliding-text\" class=\" text-inherit \"><h1 class=\"mb-32 pix-sliding-headline-2 animate-in font-weight-bold secondary-font text-black font-weight-bold mb-0 \" data-anim-type=\"pix-sliding-text\" pix-anim-delay=\"500\" data-class=\"secondary-font text-black\" style=\"\"><span class=\"slide-in-container \"><span class=\"pix-sliding-item secondary-font text-black\" style=\"transition-delay: 1000ms;\">ACONSEGUEIX&#32;<\/span><\/span> <span class=\"slide-in-container \"><span class=\"pix-sliding-item secondary-font text-black\" style=\"transition-delay: 1150ms;\">ELS&#32;<\/span><\/span> <span class=\"slide-in-container \"><span class=\"pix-sliding-item secondary-font text-black\" style=\"transition-delay: 1300ms;\">TEUS&#32;<\/span><\/span> <span class=\"slide-in-container \"><span class=\"pix-sliding-item secondary-font text-black\" style=\"transition-delay: 1450ms;\">OBJECTIUS&#32;<\/span><\/span> <span class=\"slide-in-container \"><span class=\"pix-sliding-item secondary-font text-black\" style=\"transition-delay: 1600ms;\">A&#32;<\/span><\/span> <span class=\"slide-in-container \"><span class=\"pix-sliding-item secondary-font text-black\" style=\"transition-delay: 1750ms;\">URBANFIT.&#32;<\/span><\/span> <\/h1><\/div><p class=\"text-24 pix-mt-10 text-black text-24 animate-in\" data-anim-type=\"fade-in\" data-anim-delay=\"1300\" style=\"\">M\u00e9s que un simple membre<\/p><div class=\"pix-pt-10\"><a  href=\"https:\/\/urbanfit.es\/index.php\/13416-2\/\" class=\"btn mb-2     shadow-lg shadow-hover-lg text-dark-opacity-7 btn-primary d-inline-block      animate-in btn-md\" target=\"_blank\" rel=\"noopener\"  data-anim-type=\"fade-in-up\" data-anim-delay=\"1600\" ><i class=\"font-weight-bold pixicon-arrow-right2   mr-1\"><\/i> <span class=\"font-weight-bold \" >Contacta'ns<\/span><\/a><\/div><\/div>\n\t\t\t\t\t\t\t                        <\/div>\n\t\t\t\t\t\t\t                    <\/div>\n\t\t\t\t\t\t\t                <\/div>\n\t\t\t\t\t\t\t            <\/div>\n\t\t\t\t\t\t\t        <\/div><div class=\"carousel-cell p-0\">\n\t\t\t\t\t\t\t            <div class=\"pix-intro-1 d-inline-block w-100\" >\n\t\t\t\t\t\t\t                <div class=\"pix-intro-img jarallax-slider2 w-100\" data-jarallax2 data-speed=\"0.4\" ><img decoding=\"async\" class=\"jarallax-img2 pix-opacity-4 pix-fit-cover w-100\" src=\"https:\/\/urbanfit.es\/wp-content\/uploads\/2023\/03\/6432B450-B3F1-42F6-BF1F-6FD0B61AE09E.jpg\" data-srcset=\"https:\/\/urbanfit.es\/wp-content\/uploads\/2023\/03\/6432B450-B3F1-42F6-BF1F-6FD0B61AE09E-300x225.jpg 300w, https:\/\/urbanfit.es\/wp-content\/uploads\/2023\/03\/6432B450-B3F1-42F6-BF1F-6FD0B61AE09E-768x576.jpg 768w, https:\/\/urbanfit.es\/wp-content\/uploads\/2023\/03\/6432B450-B3F1-42F6-BF1F-6FD0B61AE09E-600x450.jpg 600w, https:\/\/urbanfit.es\/wp-content\/uploads\/2023\/03\/6432B450-B3F1-42F6-BF1F-6FD0B61AE09E.jpg 843w\" alt=\"\" \/><\/div>\n\t\t\t\t\t\t\t                <div class=\"container\">\n\t\t\t\t\t\t\t                    <div class=\"slider-content-row  row-eq-height align-items-center pix-py-200\" >\n\t\t\t\t\t\t\t\t\t\t\t\t\t\n\t\t\t\t\t\t\t                        <div class=\"col-12 col-md-8 pix-py-50 pix-px-40 d-md-flex\">\n\t\t\t\t\t\t\t                            <div class=\"w-100 text-left\"><div id=\"pix-intro-sliding-text\" class=\" text-inherit \"><h1 class=\"mb-32 pix-sliding-headline-2 animate-in font-weight-bold secondary-font text-black font-weight-bold mb-0 \" data-anim-type=\"pix-sliding-text\" pix-anim-delay=\"500\" data-class=\"secondary-font text-black\" style=\"\"><span class=\"slide-in-container \"><span class=\"pix-sliding-item secondary-font text-black\" style=\"transition-delay: 1000ms;\">COMEN\u00c7A&#32;<\/span><\/span> <span class=\"slide-in-container \"><span class=\"pix-sliding-item secondary-font text-black\" style=\"transition-delay: 1150ms;\">AVUI&#32;<\/span><\/span> <span class=\"slide-in-container \"><span class=\"pix-sliding-item secondary-font text-black\" style=\"transition-delay: 1300ms;\">A&#32;<\/span><\/span> <span class=\"slide-in-container \"><span class=\"pix-sliding-item secondary-font text-black\" style=\"transition-delay: 1450ms;\">ENTRENAR&#32;<\/span><\/span> <span class=\"slide-in-container \"><span class=\"pix-sliding-item secondary-font text-black\" style=\"transition-delay: 1600ms;\">AMB&#32;<\/span><\/span> <span class=\"slide-in-container \"><span class=\"pix-sliding-item secondary-font text-black\" style=\"transition-delay: 1750ms;\">URBANFIT&#32;<\/span><\/span> <\/h1><\/div><p class=\"text-24 pix-mt-10 text-black text-24 animate-in\" data-anim-type=\"fade-in\" data-anim-delay=\"1300\" style=\"\">T'estem esperant<\/p><div class=\"pix-pt-10\"><a  href=\"https:\/\/urbanfit.es\/index.php\/13416-2\/\" class=\"btn mb-2     shadow-lg shadow-hover-lg text-dark-opacity-7 btn-primary d-inline-block      animate-in btn-md\" target=\"_blank\" rel=\"noopener\"  data-anim-type=\"fade-in-up\" data-anim-delay=\"1600\" ><i class=\"font-weight-bold pixicon-arrow-right2   mr-1\"><\/i> <span class=\"font-weight-bold \" >Contacta'ns<\/span><\/a><\/div><\/div>\n\t\t\t\t\t\t\t                        <\/div>\n\t\t\t\t\t\t\t                    <\/div>\n\t\t\t\t\t\t\t                <\/div>\n\t\t\t\t\t\t\t            <\/div>\n\t\t\t\t\t\t\t        <\/div><\/div><div class=\"container\"><div class=\"row\"><div class=\"col-12 px-0\"><div class=\"pix-slider-nav-full pix-style-2  bg-gradient-primary2 animate-in\" data-anim-type=\"fade-in\" data-anim-delay=\"200\" data-nav-align=\"center\" data-slider=\"#pix-slider-135329887\" ><div class=\"carousel-cell\">\n\t\t\t\t\t\t\t\t\t<div class=\"dot-img-container bg-primary shadow-lg shadow-hover-lg fly-sm  animate-in\"  data-anim-type=\"fade-in-right\" data-anim-delay=\"400\">\n\t\t\t\t\t\t\t\t\t<div class=\"dot-img-container-inner\">\n\t\t\t\t\t\t\t\t\t<img decoding=\"async\" class=\"img-fluid\" src=\"https:\/\/urbanfit.es\/wp-content\/uploads\/2023\/03\/fa019feb-6b8e-40b4-982e-09366083efb7.jpg\" alt=\"\" \/>\n\t\t\t\t\t\t\t\t\t<\/div>\n\t\t\t\t\t\t\t\t\t<\/div>\n\t\t\t\t\t\t\t\t<\/div><div class=\"carousel-cell\">\n\t\t\t\t\t\t\t\t\t<div class=\"dot-img-container bg-primary shadow-lg shadow-hover-lg fly-sm  animate-in\"  data-anim-type=\"fade-in-right\" data-anim-delay=\"500\">\n\t\t\t\t\t\t\t\t\t<div class=\"dot-img-container-inner\">\n\t\t\t\t\t\t\t\t\t<img decoding=\"async\" class=\"img-fluid\" src=\"https:\/\/urbanfit.es\/wp-content\/uploads\/2023\/03\/6432B450-B3F1-42F6-BF1F-6FD0B61AE09E.jpg\" alt=\"\" \/>\n\t\t\t\t\t\t\t\t\t<\/div>\n\t\t\t\t\t\t\t\t\t<\/div>\n\t\t\t\t\t\t\t\t<\/div><\/div><\/div><\/div><\/div><\/div><\/div><\/div><\/div><\/div><div class=\"vc_row-full-width vc_clearfix\"><\/div><div class=\"vc_row wpb_row vc_row-fluid vc_row_visible vc_custom_1678988646196 vc_row-o-equal-height vc_row-o-content-middle vc_row-flex\"><div class=\"wpb_column vc_column_container vc_col-sm-4 text-left\"><div class=\"vc_column-inner\"><div class=\"wpb_wrapper\"><div class=\" mb-3 mb-md-0 animate-in\" data-anim-type=\"fade-in-up\" data-anim-delay=\"0\"><div class=\"card w-100 h-100 bg-gradient-primary  vc_custom_1678989071923  pix-hover-item rounded-xl position-relative overflow-hidden2 text-white tilt fancy_card\" ><img decoding=\"async\" src=\"https:\/\/urbanfit.es\/wp-content\/plugins\/pixfort-core\/functions\/images\/loading.webp\" data-srcset=\"https:\/\/urbanfit.es\/wp-content\/uploads\/2023\/03\/08ce3013-82b9-465d-bf6e-2ffd90fa4b9d-135x300.jpg 135w, https:\/\/urbanfit.es\/wp-content\/uploads\/2023\/03\/08ce3013-82b9-465d-bf6e-2ffd90fa4b9d-460x1024.jpg 460w, https:\/\/urbanfit.es\/wp-content\/uploads\/2023\/03\/08ce3013-82b9-465d-bf6e-2ffd90fa4b9d-690x1536.jpg 690w, https:\/\/urbanfit.es\/wp-content\/uploads\/2023\/03\/08ce3013-82b9-465d-bf6e-2ffd90fa4b9d.jpg 719w\" data-src=\"https:\/\/urbanfit.es\/wp-content\/uploads\/2023\/03\/08ce3013-82b9-465d-bf6e-2ffd90fa4b9d-460x1024.jpg\" class=\"pix-lazy card-img pix-bg-image rounded-xl h-100 pix-opacity-2 pix-hover-opacity-6\" loading=\"lazy\" alt=\"\"><div class=\"card-img-overlay overflow-visible d-inline-block w-100 pix-img-overlay pix-p-30 d-flex align-items-end text-left\"><div class=\"w-100 \"><h3 class=\"card-title  text-black font-weight-bold mb-0 animate-in\" style=\"\">T'ho est\u00e0s pensant?<\/h3><p class=\"card-text pix-pt-10 text-black text-18\" style=\"\">Mira les nostres tarifes<\/p><div class=\"card-btn-div mt-4 d-inline-block w-100\"><a  href=\"https:\/\/urbanfit.es\/index.php\/tarifes\/\" class=\"btn mb-2     text-heading-default btn-white d-block w-100  pix-hover-item       btn-md\" target=\"_blank\" rel=\"noopener\"    ><span class=\"font-weight-bold \" >Tarifes<\/span> <i class=\"font-weight-bold pixicon-euro-coin  pix-hover-right  ml-1\"><\/i><\/a><\/div><\/div><\/div><\/div><\/div><\/div><\/div><\/div><div class=\"wpb_column vc_column_container vc_col-sm-4 text-left\"><div class=\"vc_column-inner\"><div class=\"wpb_wrapper\"><div class=\" mb-3 mb-md-0 animate-in\" data-anim-type=\"fade-in-up\" data-anim-delay=\"0\"><div class=\"card w-100 h-100 bg-gradient-primary  vc_custom_1678989085073  pix-hover-item rounded-xl position-relative overflow-hidden2 text-white tilt fancy_card\" ><img decoding=\"async\" src=\"https:\/\/urbanfit.es\/wp-content\/plugins\/pixfort-core\/functions\/images\/loading.webp\" data-srcset=\"https:\/\/urbanfit.es\/wp-content\/uploads\/2023\/03\/598d9ab4-e1d4-42d7-abd0-28da6f6483fa-135x300.jpg 135w, https:\/\/urbanfit.es\/wp-content\/uploads\/2023\/03\/598d9ab4-e1d4-42d7-abd0-28da6f6483fa-460x1024.jpg 460w, https:\/\/urbanfit.es\/wp-content\/uploads\/2023\/03\/598d9ab4-e1d4-42d7-abd0-28da6f6483fa-690x1536.jpg 690w, https:\/\/urbanfit.es\/wp-content\/uploads\/2023\/03\/598d9ab4-e1d4-42d7-abd0-28da6f6483fa.jpg 719w\" data-src=\"https:\/\/urbanfit.es\/wp-content\/uploads\/2023\/03\/598d9ab4-e1d4-42d7-abd0-28da6f6483fa-460x1024.jpg\" class=\"pix-lazy card-img pix-bg-image rounded-xl h-100 pix-opacity-2 pix-hover-opacity-6\" loading=\"lazy\" alt=\"\"><div class=\"card-img-overlay overflow-visible d-inline-block w-100 pix-img-overlay pix-p-30 d-flex align-items-end text-left\"><div class=\"w-100 \"><h3 class=\"card-title  text-black font-weight-bold mb-0 animate-in\" style=\"\">Dilluns a Dissabte<\/h3><p class=\"card-text pix-pt-10 text-black text-18\" style=\"\">De 9:00 - 21:00 | Dissabte fins les 14:00<\/p><div class=\"card-btn-div mt-4 d-inline-block w-100\"><a  href=\"https:\/\/urbanfit.es\/index.php\/13416-2\/\" class=\"btn mb-2     text-heading-default btn-white d-block w-100  pix-hover-item       btn-md\" target=\"_blank\" rel=\"noopener\"    ><span class=\"font-weight-bold \" >Contacte<\/span> <i class=\"font-weight-bold pixicon-contacts  pix-hover-right  ml-1\"><\/i><\/a><\/div><\/div><\/div><\/div><\/div><\/div><\/div><\/div><div class=\"wpb_column vc_column_container vc_col-sm-4 text-left\"><div class=\"vc_column-inner\"><div class=\"wpb_wrapper\"><div class=\" mb-3 mb-md-0 animate-in\" data-anim-type=\"fade-in-up\" data-anim-delay=\"0\"><div class=\"card w-100 h-100 bg-gradient-primary  vc_custom_1678989094116  pix-hover-item rounded-xl position-relative overflow-hidden2 text-white tilt fancy_card\" ><img decoding=\"async\" src=\"https:\/\/urbanfit.es\/wp-content\/plugins\/pixfort-core\/functions\/images\/loading.webp\" data-srcset=\"https:\/\/urbanfit.es\/wp-content\/uploads\/2023\/01\/pexels-cottonbro-studio-6963585-200x300.jpg 200w, https:\/\/urbanfit.es\/wp-content\/uploads\/2023\/01\/pexels-cottonbro-studio-6963585-683x1024.jpg 683w, https:\/\/urbanfit.es\/wp-content\/uploads\/2023\/01\/pexels-cottonbro-studio-6963585-768x1152.jpg 768w, https:\/\/urbanfit.es\/wp-content\/uploads\/2023\/01\/pexels-cottonbro-studio-6963585-1024x1536.jpg 1024w, https:\/\/urbanfit.es\/wp-content\/uploads\/2023\/01\/pexels-cottonbro-studio-6963585-1365x2048.jpg 1365w, https:\/\/urbanfit.es\/wp-content\/uploads\/2023\/01\/pexels-cottonbro-studio-6963585-scaled.jpg 1707w\" data-src=\"https:\/\/urbanfit.es\/wp-content\/uploads\/2023\/01\/pexels-cottonbro-studio-6963585-683x1024.jpg\" class=\"pix-lazy card-img pix-bg-image rounded-xl h-100 pix-opacity-2 pix-hover-opacity-6\" loading=\"lazy\" alt=\"\"><div class=\"card-img-overlay overflow-visible d-inline-block w-100 pix-img-overlay pix-p-30 d-flex align-items-end text-left\"><div class=\"w-100 \"><h3 class=\"card-title  text-black font-weight-bold mb-0 animate-in\" style=\"\">Segueix-nos a Instagram!<\/h3><p class=\"card-text pix-pt-10 text-black text-18\" style=\"\"><\/p><div class=\"card-btn-div mt-4 d-inline-block w-100\"><a  href=\"https:\/\/www.instagram.com\/gimnasurbanfit\/\" class=\"btn mb-2     text-heading-default btn-white d-block w-100  pix-hover-item       btn-md\" target=\"_blank\" rel=\"noopener\"    ><span class=\"font-weight-bold \" >Seguir<\/span> <i class=\"font-weight-bold pixicon-heart-plus  pix-hover-right  ml-1\"><\/i><\/a><\/div><\/div><\/div><\/div><\/div><\/div><\/div><\/div><\/div><section data-vc-full-width=\"true\" data-vc-full-width-init=\"false\" class=\"vc_section vc_section_visible vc_section-o-content-middle vc_section-flex bg-gradient-primary\" data-section-name=\"\"><div class=\"pix-divider pix-top-divider\" data-style=\"style-1\" style=\"top:-1px;\"><svg xmlns=\"http:\/\/www.w3.org\/2000\/svg\" width=\"100%\"  viewBox=\"0 0 1200 559\" preserveAspectRatio=\"none\"><path fill=\"#e0e16b\"  d=\"M1200,0.140054699 L1200,559 L0,559 L0,0.35722972 L560.822718,466.803344 C576.243831,479.629355 582.976586,482.937632 591.005571,485.104574 C599.034555,487.271517 607.100903,487.250104 615.118269,485.040564 C623.135636,482.831024 629.850732,479.487048 645.203531,466.579344 L1200,0.140054699 Z\"  \/><path fill=\"#f9f9f9\" fill-opacity=\"0.6\" d=\"M1200,30.1400547 L1200,559 L0,559 L0,30.3572297 L560.822718,496.803344 C576.243831,509.629355 582.976586,512.937632 591.005571,515.104574 C599.034555,517.271517 607.100903,517.250104 615.118269,515.040564 C623.135636,512.831024 629.850732,509.487048 645.203531,496.579344 L1200,30.1400547 Z\" \/><path fill=\"#f9f9f9\" d=\"M1200,60.1400547 L1200,559 L0,559 L0,60.3572297 L560.822718,526.803344 C576.243831,539.629355 582.976586,542.937632 591.005571,545.104574 C599.034555,547.271517 607.100903,547.250104 615.118269,545.040564 C623.135636,542.831024 629.850732,539.487048 645.203531,526.579344 L1200,60.1400547 Z\"\/><defs><\/defs><\/svg><\/div><div class=\"vc_row wpb_row vc_row-fluid vc_row_visible\"><div class=\"wpb_column vc_column_container vc_col-sm-12 text-center\"><div class=\"vc_column-inner\"><div class=\"wpb_wrapper\"><div id=\"el1678969573305-c4c04de4-f64e\" class=\"mb-3 text-center  vc_custom_1681141334376\"><div class=\"d-inline-block\" style=\"max-width:800px;\"><h3 class=\"mb-32 pix-sliding-headline-2 animate-in font-weight-bold secondary-font display-4 \" data-anim-type=\"pix-sliding-text\" pix-anim-delay=\"500\" data-class=\"secondary-font text-gray-9\" style=\"\"><span class=\"slide-in-container \"><span class=\"pix-sliding-item secondary-font text-gray-9\" style=\"transition-delay: 0ms;\">Pssst\u2026&#32;<\/span><\/span> <span class=\"slide-in-container \"><span class=\"pix-sliding-item secondary-font text-gray-9\" style=\"transition-delay: 150ms;\">Segueix-nos&#32;<\/span><\/span> <\/h3><\/div><\/div><div class=\"text-gray-7 text-center pix-social-icons font-weight-bold d-inline-block  vc_custom_1678975221164\" style=\"font-size:50px;\"><a target=\"_blank\" href=\"https:\/\/www.facebook.com\/people\/UrbanFit\/100090762036399\/\" aria-label=\"fac\" class=\"text-gray-7 animate-in d-inline-block fly-sm  px-4\" data-anim-type=\"pix-3d-right-in\" ><i class=\"pixicon-facebook3\" style=\"\"><\/i><\/a><a target=\"_blank\" href=\"https:\/\/www.instagram.com\/gimnasurbanfit\/\" aria-label=\"\" class=\"text-gray-7 animate-in d-inline-block fly-sm  px-4\" data-anim-type=\"pix-3d-right-in\" ><i class=\"pixicon-instagram2\" style=\"\"><\/i><\/a><\/div>\n\t<div class=\"wpb_raw_code wpb_content_element wpb_raw_html vc_custom_1678975289112\" >\n\t\t<div class=\"wpb_wrapper\">\n\t\t\t        <div\n            class=\"spotlight-instagram-feed\"\n            data-feed-var=\"148860bb\"\n            data-analytics=\"0\"\n            data-instance=\"13619\"\n        >\n        <\/div>\n        <input type=\"hidden\" id=\"sli__f__148860bb\" data-json='{&quot;useCase&quot;:&quot;accounts&quot;,&quot;template&quot;:&quot;classic&quot;,&quot;layout&quot;:&quot;grid&quot;,&quot;numColumns&quot;:{&quot;desktop&quot;:3,&quot;phone&quot;:2},&quot;highlightFreq&quot;:{&quot;desktop&quot;:7},&quot;sliderNumScrollPosts&quot;:{&quot;desktop&quot;:1},&quot;sliderInfinite&quot;:true,&quot;sliderLoop&quot;:false,&quot;sliderArrowPos&quot;:{&quot;desktop&quot;:&quot;inside&quot;},&quot;sliderArrowSize&quot;:{&quot;desktop&quot;:20},&quot;sliderArrowColor&quot;:{&quot;r&quot;:255,&quot;b&quot;:255,&quot;g&quot;:255,&quot;a&quot;:1},&quot;sliderArrowBgColor&quot;:{&quot;r&quot;:0,&quot;b&quot;:0,&quot;g&quot;:0,&quot;a&quot;:0.8},&quot;sliderAutoScroll&quot;:false,&quot;sliderAutoInterval&quot;:3,&quot;postOrder&quot;:&quot;date_desc&quot;,&quot;numPosts&quot;:{&quot;desktop&quot;:6},&quot;linkBehavior&quot;:{&quot;desktop&quot;:&quot;lightbox&quot;},&quot;feedWidth&quot;:{&quot;desktop&quot;:&quot;&quot;},&quot;feedHeight&quot;:{&quot;desktop&quot;:&quot;&quot;},&quot;feedPadding&quot;:{&quot;desktop&quot;:24,&quot;tablet&quot;:14,&quot;phone&quot;:10},&quot;imgPadding&quot;:{&quot;desktop&quot;:10,&quot;tablet&quot;:10,&quot;phone&quot;:6},&quot;textSize&quot;:{&quot;desktop&quot;:&quot;&quot;,&quot;tablet&quot;:&quot;&quot;,&quot;phone&quot;:&quot;&quot;},&quot;bgColor&quot;:{&quot;r&quot;:255,&quot;g&quot;:255,&quot;b&quot;:255,&quot;a&quot;:0},&quot;hoverInfo&quot;:[&quot;likes_comments&quot;,&quot;insta_link&quot;],&quot;textColorHover&quot;:{&quot;r&quot;:255,&quot;g&quot;:255,&quot;b&quot;:255,&quot;a&quot;:1},&quot;bgColorHover&quot;:{&quot;r&quot;:0,&quot;g&quot;:0,&quot;b&quot;:0,&quot;a&quot;:0.5},&quot;showHeader&quot;:{&quot;desktop&quot;:true},&quot;headerInfo&quot;:{&quot;desktop&quot;:[&quot;profile_pic&quot;,&quot;bio&quot;]},&quot;headerAccount&quot;:5,&quot;headerStyle&quot;:{&quot;desktop&quot;:&quot;normal&quot;,&quot;phone&quot;:&quot;normal&quot;},&quot;headerTextSize&quot;:{&quot;desktop&quot;:&quot;&quot;},&quot;headerPhotoSize&quot;:{&quot;desktop&quot;:50},&quot;headerTextColor&quot;:{&quot;r&quot;:83,&quot;g&quot;:84,&quot;b&quot;:38,&quot;a&quot;:1},&quot;headerBgColor&quot;:{&quot;r&quot;:255,&quot;g&quot;:255,&quot;b&quot;:255,&quot;a&quot;:0},&quot;headerPadding&quot;:{&quot;desktop&quot;:0,&quot;phone&quot;:0},&quot;customProfilePic&quot;:&quot;&quot;,&quot;customBioText&quot;:&quot;&quot;,&quot;includeStories&quot;:false,&quot;storiesInterval&quot;:5,&quot;showCaptions&quot;:{&quot;desktop&quot;:false},&quot;captionMaxLength&quot;:{&quot;desktop&quot;:0},&quot;captionRemoveDots&quot;:false,&quot;captionSize&quot;:{&quot;desktop&quot;:0},&quot;captionColor&quot;:{&quot;r&quot;:0,&quot;g&quot;:0,&quot;b&quot;:0,&quot;a&quot;:1},&quot;showLikes&quot;:{&quot;desktop&quot;:false},&quot;showComments&quot;:{&quot;desktop&quot;:false},&quot;lcIconSize&quot;:{&quot;desktop&quot;:14},&quot;likesIconColor&quot;:{&quot;r&quot;:0,&quot;g&quot;:0,&quot;b&quot;:0,&quot;a&quot;:1},&quot;commentsIconColor&quot;:{&quot;r&quot;:0,&quot;g&quot;:0,&quot;b&quot;:0,&quot;a&quot;:1},&quot;lightboxShowSidebar&quot;:false,&quot;lightboxCtaStyle&quot;:&quot;link&quot;,&quot;lightboxCtaDesign&quot;:{&quot;text&quot;:{&quot;color&quot;:{&quot;r&quot;:0,&quot;g&quot;:0,&quot;b&quot;:0,&quot;a&quot;:1},&quot;align&quot;:&quot;center&quot;},&quot;bgColor&quot;:{&quot;r&quot;:230,&quot;g&quot;:230,&quot;b&quot;:230,&quot;a&quot;:1},&quot;border&quot;:{&quot;radius&quot;:3}},&quot;numLightboxComments&quot;:50,&quot;showLoadMoreBtn&quot;:{&quot;desktop&quot;:true},&quot;loadMoreBtnDesign&quot;:{&quot;text&quot;:{&quot;color&quot;:{&quot;r&quot;:106,&quot;g&quot;:107,&quot;b&quot;:49,&quot;a&quot;:1},&quot;align&quot;:&quot;center&quot;},&quot;border&quot;:{&quot;radius&quot;:3},&quot;bgColor&quot;:{&quot;r&quot;:127,&quot;g&quot;:127,&quot;b&quot;:37,&quot;a&quot;:0.06},&quot;margin&quot;:{&quot;top&quot;:0,&quot;bottom&quot;:0,&quot;left&quot;:0,&quot;right&quot;:0},&quot;onHover&quot;:{&quot;text&quot;:{&quot;color&quot;:{&quot;r&quot;:106,&quot;g&quot;:107,&quot;b&quot;:49,&quot;a&quot;:1}},&quot;bgColor&quot;:{&quot;r&quot;:166,&quot;g&quot;:151,&quot;b&quot;:18,&quot;a&quot;:0.15}}},&quot;loadMoreBtnText&quot;:&quot;Veure m\\u00e9s posts&quot;,&quot;loadMoreBtnScroll&quot;:false,&quot;autoload&quot;:false,&quot;showFollowBtn&quot;:{&quot;desktop&quot;:false},&quot;followBtnText&quot;:&quot;Segueix-nos&quot;,&quot;followBtnDesign&quot;:{&quot;text&quot;:{&quot;color&quot;:{&quot;r&quot;:255,&quot;g&quot;:255,&quot;b&quot;:255,&quot;a&quot;:1},&quot;align&quot;:&quot;center&quot;},&quot;border&quot;:{&quot;radius&quot;:3},&quot;bgColor&quot;:{&quot;r&quot;:224,&quot;g&quot;:225,&quot;b&quot;:107,&quot;a&quot;:1},&quot;margin&quot;:{&quot;top&quot;:0,&quot;bottom&quot;:0,&quot;left&quot;:0,&quot;right&quot;:0},&quot;onHover&quot;:{&quot;bgColor&quot;:{&quot;r&quot;:57,&quot;g&quot;:57,&quot;b&quot;:5,&quot;a&quot;:1}}},&quot;followBtnLocation&quot;:{&quot;desktop&quot;:&quot;header&quot;,&quot;phone&quot;:&quot;bottom&quot;},&quot;alignFooterButtons&quot;:{&quot;desktop&quot;:false},&quot;customCss&quot;:&quot;\\\/* Enter your custom CSS below *\\\/\\n\\n&quot;,&quot;accounts&quot;:[13623],&quot;tagged&quot;:[],&quot;hashtags&quot;:[],&quot;mediaType&quot;:&quot;all&quot;,&quot;hashtagWhitelist&quot;:[],&quot;hashtagBlacklist&quot;:[],&quot;captionWhitelist&quot;:[],&quot;captionBlacklist&quot;:[],&quot;hashtagWhitelistSettings&quot;:true,&quot;hashtagBlacklistSettings&quot;:true,&quot;captionWhitelistSettings&quot;:true,&quot;captionBlacklistSettings&quot;:true,&quot;moderation&quot;:[],&quot;moderationMode&quot;:&quot;blacklist&quot;,&quot;promosVersion&quot;:2,&quot;promosEnabled&quot;:true,&quot;globalPromosEnabled&quot;:true,&quot;autoPromosEnabled&quot;:true,&quot;promoOverrides&quot;:[],&quot;feedPromo&quot;:{&quot;linkSource&quot;:{&quot;type&quot;:null},&quot;linkBehavior&quot;:{&quot;openNewTab&quot;:false,&quot;showPopupBox&quot;:false},&quot;linkText&quot;:&quot;&quot;},&quot;gaCampaignSource&quot;:&quot;&quot;,&quot;gaCampaignMedium&quot;:&quot;&quot;,&quot;gaCampaignName&quot;:&quot;&quot;}' \/>\n        <input type=\"hidden\" id=\"sli__a__148860bb\" data-json='[{&quot;id&quot;:13623,&quot;type&quot;:&quot;PERSONAL&quot;,&quot;userId&quot;:&quot;6054010021355494&quot;,&quot;username&quot;:&quot;gimnasurbanfit&quot;,&quot;bio&quot;:&quot;&quot;,&quot;customBio&quot;:&quot;\\ud83d\\udccd Vidreres\\n\\ud83d\\udd66 Dilluns a Divendres de 9 a 21h&quot;,&quot;profilePicUrl&quot;:&quot;&quot;,&quot;customProfilePicUrl&quot;:&quot;https:\\\/\\\/urbanfit.es\\\/wp-content\\\/uploads\\\/2023\\\/02\\\/cropped-small_Mesa-de-trabajo-1.png&quot;,&quot;mediaCount&quot;:&quot;25&quot;,&quot;followersCount&quot;:&quot;0&quot;,&quot;usages&quot;:[],&quot;creationDate&quot;:&quot;2023-03-16 13:52:37&quot;}]' \/>\n        <input type=\"hidden\" id=\"sli__m__148860bb\" data-json='[]' \/>\n        \n\t\t<\/div>\n\t<\/div>\n<\/div><\/div><\/div><\/div><\/section><div class=\"vc_row-full-width vc_clearfix\"><\/div><div class=\"vc_row wpb_row vc_row-fluid vc_row_visible\"><div class=\"wpb_column vc_column_container vc_col-sm-12 text-left\"><div class=\"vc_column-inner\"><div class=\"wpb_wrapper\"><\/div><\/div><\/div><\/div><div class=\"vc_row wpb_row vc_row-fluid vc_row_visible\"><div class=\"wpb_column vc_column_container vc_col-sm-12 text-left\"><div class=\"vc_column-inner\"><div class=\"wpb_wrapper\"><\/div><\/div><\/div><\/div><div class=\"vc_row wpb_row vc_row-fluid vc_row_visible\"><div class=\"wpb_column vc_column_container vc_col-sm-12 text-left\"><div class=\"vc_column-inner\"><div class=\"wpb_wrapper\"><\/div><\/div><\/div><\/div><\/section>","protected":false},"excerpt":{"rendered":"ACONSEGUEIX&#32; ELS&#32; TEUS&#32; OBJECTIUS&#32; A&#32; URBANFIT.&#32; M\u00e9s que un simple membre Contacta'ns COMEN\u00c7A&#32; AVUI&#32; A&#32; ENTRENAR&#32; AMB&#32; URBANFIT&#32; T'estem esperant Contacta'ns T'ho est\u00e0s pensant?Mira les nostres tarifesTarifes Dilluns a DissabteDe 9:00 - 21:00 | Dissabte fins les 14:00Contacte Segueix-nos a...","protected":false},"author":1,"featured_media":0,"parent":0,"menu_order":0,"comment_status":"closed","ping_status":"closed","template":"","meta":{"om_disable_all_campaigns":false,"footnotes":""},"aioseo_notices":[],"_links":{"self":[{"href":"https:\/\/urbanfit.es\/es\/wp-json\/wp\/v2\/pages\/13619"}],"collection":[{"href":"https:\/\/urbanfit.es\/es\/wp-json\/wp\/v2\/pages"}],"about":[{"href":"https:\/\/urbanfit.es\/es\/wp-json\/wp\/v2\/types\/page"}],"author":[{"embeddable":true,"href":"https:\/\/urbanfit.es\/es\/wp-json\/wp\/v2\/users\/1"}],"replies":[{"embeddable":true,"href":"https:\/\/urbanfit.es\/es\/wp-json\/wp\/v2\/comments?post=13619"}],"version-history":[{"count":27,"href":"https:\/\/urbanfit.es\/es\/wp-json\/wp\/v2\/pages\/13619\/revisions"}],"predecessor-version":[{"id":13740,"href":"https:\/\/urbanfit.es\/es\/wp-json\/wp\/v2\/pages\/13619\/revisions\/13740"}],"wp:attachment":[{"href":"https:\/\/urbanfit.es\/es\/wp-json\/wp\/v2\/media?parent=13619"}],"curies":[{"name":"wp","href":"https:\/\/api.w.org\/{rel}","templated":true}]}}