{"id":13656,"date":"2023-03-16T17:35:44","date_gmt":"2023-03-16T15:35:44","guid":{"rendered":"https:\/\/urbanfit.es\/?page_id=13656"},"modified":"2023-03-16T17:36:22","modified_gmt":"2023-03-16T15:36:22","slug":"13656-2","status":"publish","type":"page","link":"https:\/\/urbanfit.es\/es\/13656-2\/","title":{"rendered":"Av\u00eds legal"},"content":{"rendered":"<section class=\"wpb-content-wrapper\"><div class=\"vc_row wpb_row vc_row-fluid vc_row_visible\"><div class=\"wpb_column vc_column_container vc_col-sm-12 text-left\"><div class=\"vc_column-inner\"><div class=\"wpb_wrapper\"><div  class=\"pix-heading-el text-left  vc_custom_1678980941863\"><div><div class=\"slide-in-container\"><h1 class=\"text-black font-weight-bold heading-text el-title_custom_color mb-12\" style=\"\" data-anim-type=\"\" data-anim-delay=\"0\">AV\u00cdS LEGAL<\/h1><\/div><\/div><\/div><div id=\"el1678980888756-04d0b07c-a78f\" class=\"pix-el-text   w-100\" ><p class=\"\"><p>De conformidad con la Ley 34\/2002, de Servicios de la Sociedad de la Informaci\u00f3n y de Comercio Electr\u00f3nico, le informamos que esta web es titularidad de Wellness Giron\u00e8s, SLU, (en adelante \u201cEL TITULAR\u201d), con CIF: B17478306, con domicilio en av. Canig\u00f3, 75 de Llagostera (17240).<\/p>\n<p>&nbsp;<\/p>\n<p class=\"titol text-bold text-uppercase\"><strong>PROPIEDAD INTELECTUAL E INDUSTRIAL<\/strong><\/p>\n<p>Los contenidos de este sitio, incluyendo los textos, im\u00e1genes y dise\u00f1os gr\u00e1ficos, pertenecen a EL TITULAR, o a terceros que han autorizado su uso. EL TITULAR presenta estos contenidos con fines de informaci\u00f3n y promoci\u00f3n. EL TITULAR autoriza su utilizaci\u00f3n exclusivamente con estas finalidades. Cualquier utilizaci\u00f3n de estos dise\u00f1os, im\u00e1genes o textos deber\u00e1 citar expresamente su pertenencia a EL TITULAR, quien se reserva el derecho a iniciar las acciones legales oportunas para reparar los da\u00f1os y perjuicios causados por cualquier acto que vulnere sus derechos de propiedad intelectual o industrial.<\/p>\n<p>&nbsp;<\/p>\n<p class=\"titol text-bold text-uppercase\"><strong>EXCLUSI\u00d3N DE RESPONSABILIDAD<\/strong><\/p>\n<p>EL TITULAR act\u00faa con la m\u00e1xima diligencia posible para que los datos y la informaci\u00f3n que ofrece en su sitio web est\u00e9 actualizada en tomo momento, si bien no garantiza ni se hace responsable de la exactitud y actualizaci\u00f3n de los contenidos del sitio web, reserv\u00e1ndose el derecho a modificar dichos contenidos en cualquier momento. EL TITULAR tampoco ser\u00e1 responsable de la informaci\u00f3n que se pueda obtener a trav\u00e9s de enlaces incluidos en el sitio web.<\/p>\n<p>Las relaciones comerciales con los clientes se regir\u00e1n por las Condiciones Generales que, en su caso, se establezcan por EL TITULAR en un documento espec\u00edfico a tal efecto, o por los pactos concretos que pudieran acordarse con los clientes.<\/p>\n<p>&nbsp;<\/p>\n<p class=\"titol text-bold text-uppercase\"><strong>CONDICIONES DE USO<\/strong><\/p>\n<p>El uso de este sitio web implica la aceptaci\u00f3n plena de los t\u00e9rminos del presente aviso legal. Los posibles conflictos relativos a esta web se regir\u00e1n exclusivamente por el derecho del Estado Espa\u00f1ol. Toda persona usuaria de la web, independientemente de la jurisdicci\u00f3n territorial desde la cual se produzca su acceso, acepta el cumplimiento y respeto de estas cl\u00e1usulas con renuncia expresa a cualquier otro fuero que pudiera corresponderle.<\/p>\n<\/p><\/div><\/div><\/div><\/div><\/div><div class=\"vc_row wpb_row vc_row-fluid vc_row_visible\"><div class=\"wpb_column vc_column_container vc_col-sm-12 text-left\"><div class=\"vc_column-inner\"><div class=\"wpb_wrapper\"><\/div><\/div><\/div><\/div><\/section>","protected":false},"excerpt":{"rendered":"AV\u00cdS LEGALDe conformidad con la Ley 34\/2002, de Servicios de la Sociedad de la Informaci\u00f3n y de Comercio Electr\u00f3nico, le informamos que esta web es titularidad de Wellness Giron\u00e8s, SLU, (en adelante \u201cEL TITULAR\u201d), con CIF: B17478306, con domicilio en...","protected":false},"author":1,"featured_media":0,"parent":0,"menu_order":0,"comment_status":"closed","ping_status":"closed","template":"","meta":{"om_disable_all_campaigns":false,"footnotes":""},"aioseo_notices":[],"_links":{"self":[{"href":"https:\/\/urbanfit.es\/es\/wp-json\/wp\/v2\/pages\/13656"}],"collection":[{"href":"https:\/\/urbanfit.es\/es\/wp-json\/wp\/v2\/pages"}],"about":[{"href":"https:\/\/urbanfit.es\/es\/wp-json\/wp\/v2\/types\/page"}],"author":[{"embeddable":true,"href":"https:\/\/urbanfit.es\/es\/wp-json\/wp\/v2\/users\/1"}],"replies":[{"embeddable":true,"href":"https:\/\/urbanfit.es\/es\/wp-json\/wp\/v2\/comments?post=13656"}],"version-history":[{"count":3,"href":"https:\/\/urbanfit.es\/es\/wp-json\/wp\/v2\/pages\/13656\/revisions"}],"predecessor-version":[{"id":13660,"href":"https:\/\/urbanfit.es\/es\/wp-json\/wp\/v2\/pages\/13656\/revisions\/13660"}],"wp:attachment":[{"href":"https:\/\/urbanfit.es\/es\/wp-json\/wp\/v2\/media?parent=13656"}],"curies":[{"name":"wp","href":"https:\/\/api.w.org\/{rel}","templated":true}]}}